{"id":1282,"date":"2022-08-02T10:52:43","date_gmt":"2022-08-02T14:52:43","guid":{"rendered":"https:\/\/cliniquedentairelux.ca\/a-propos-de-nous\/"},"modified":"2023-02-21T16:19:23","modified_gmt":"2023-02-21T21:19:23","slug":"a-propos-de-nous","status":"publish","type":"page","link":"https:\/\/cliniquedentairelux.ca\/fr\/a-propos-de-nous\/","title":{"rendered":"\u00c0 propos"},"content":{"rendered":"\t\t<div data-elementor-type=\"wp-page\" data-elementor-id=\"1282\" class=\"elementor elementor-1282 elementor-326\">\n\t\t\t\t\t\t\t\t\t<section class=\"elementor-section elementor-top-section elementor-element elementor-element-7008bc1 elementor-section-boxed elementor-section-height-default elementor-section-height-default\" data-id=\"7008bc1\" data-element_type=\"section\" data-settings=\"{&quot;background_background&quot;:&quot;classic&quot;,&quot;shape_divider_bottom&quot;:&quot;waves&quot;,&quot;shape_divider_bottom_negative&quot;:&quot;yes&quot;}\">\n\t\t\t\t\t\t\t<div class=\"elementor-background-overlay\"><\/div>\n\t\t\t\t\t\t<div class=\"elementor-shape elementor-shape-bottom\" data-negative=\"true\">\n\t\t\t<svg xmlns=\"http:\/\/www.w3.org\/2000\/svg\" viewBox=\"0 0 1000 100\" preserveAspectRatio=\"none\">\n\t<path class=\"elementor-shape-fill\" d=\"M790.5,93.1c-59.3-5.3-116.8-18-192.6-50c-29.6-12.7-76.9-31-100.5-35.9c-23.6-4.9-52.6-7.8-75.5-5.3\n\tc-10.2,1.1-22.6,1.4-50.1,7.4c-27.2,6.3-58.2,16.6-79.4,24.7c-41.3,15.9-94.9,21.9-134,22.6C72,58.2,0,25.8,0,25.8V100h1000V65.3\n\tc0,0-51.5,19.4-106.2,25.7C839.5,97,814.1,95.2,790.5,93.1z\"\/>\n<\/svg>\t\t<\/div>\n\t\t\t\t\t<div class=\"elementor-container elementor-column-gap-default\">\n\t\t\t\t\t<div class=\"elementor-column elementor-col-100 elementor-top-column elementor-element elementor-element-ce49faa\" data-id=\"ce49faa\" data-element_type=\"column\">\n\t\t\t<div class=\"elementor-widget-wrap elementor-element-populated\">\n\t\t\t\t\t\t\t\t\t<\/div>\n\t\t<\/div>\n\t\t\t\t\t\t\t<\/div>\n\t\t<\/section>\n\t\t\t\t<section class=\"elementor-section elementor-top-section elementor-element elementor-element-511ce04 elementor-section-boxed elementor-section-height-default elementor-section-height-default\" data-id=\"511ce04\" data-element_type=\"section\">\n\t\t\t\t\t\t<div class=\"elementor-container elementor-column-gap-default\">\n\t\t\t\t\t<div class=\"elementor-column elementor-col-100 elementor-top-column elementor-element elementor-element-7947cc3\" data-id=\"7947cc3\" data-element_type=\"column\">\n\t\t\t<div class=\"elementor-widget-wrap elementor-element-populated\">\n\t\t\t\t\t\t\t\t<div class=\"elementor-element elementor-element-03c159a elementor-position-right sfull elementor-vertical-align-top elementor-widget elementor-widget-image-box\" data-id=\"03c159a\" data-element_type=\"widget\" data-widget_type=\"image-box.default\">\n\t\t\t\t<div class=\"elementor-widget-container\">\n\t\t\t<style>\/*! elementor - v3.7.3 - 29-08-2022 *\/\n.elementor-widget-image-box .elementor-image-box-content{width:100%}@media (min-width:768px){.elementor-widget-image-box.elementor-position-left .elementor-image-box-wrapper,.elementor-widget-image-box.elementor-position-right .elementor-image-box-wrapper{display:-webkit-box;display:-ms-flexbox;display:flex}.elementor-widget-image-box.elementor-position-right .elementor-image-box-wrapper{text-align:right;-webkit-box-orient:horizontal;-webkit-box-direction:reverse;-ms-flex-direction:row-reverse;flex-direction:row-reverse}.elementor-widget-image-box.elementor-position-left .elementor-image-box-wrapper{text-align:left;-webkit-box-orient:horizontal;-webkit-box-direction:normal;-ms-flex-direction:row;flex-direction:row}.elementor-widget-image-box.elementor-position-top .elementor-image-box-img{margin:auto}.elementor-widget-image-box.elementor-vertical-align-top .elementor-image-box-wrapper{-webkit-box-align:start;-ms-flex-align:start;align-items:flex-start}.elementor-widget-image-box.elementor-vertical-align-middle .elementor-image-box-wrapper{-webkit-box-align:center;-ms-flex-align:center;align-items:center}.elementor-widget-image-box.elementor-vertical-align-bottom .elementor-image-box-wrapper{-webkit-box-align:end;-ms-flex-align:end;align-items:flex-end}}@media (max-width:767px){.elementor-widget-image-box .elementor-image-box-img{margin-left:auto!important;margin-right:auto!important;margin-bottom:15px}}.elementor-widget-image-box .elementor-image-box-img{display:inline-block}.elementor-widget-image-box .elementor-image-box-title a{color:inherit}.elementor-widget-image-box .elementor-image-box-wrapper{text-align:center}.elementor-widget-image-box .elementor-image-box-description{margin:0}<\/style><div class=\"elementor-image-box-wrapper\"><figure class=\"elementor-image-box-img\"><img loading=\"lazy\" decoding=\"async\" width=\"768\" height=\"512\" src=\"https:\/\/cliniquedentairelux.ca\/wp-content\/uploads\/2022\/08\/PBL-RandiLuxenburgDMD-10401-768x512.jpg\" class=\"attachment-medium_large size-medium_large\" alt=\"\" \/><\/figure><div class=\"elementor-image-box-content\"><p class=\"elementor-image-box-description\">Depuis 1974, nous prenons soin de notre communaut\u00e9 et nous \u00e9duquons nos patients quant \u00e0 leur sant\u00e9 buccale. <br><br> \u00c0 la clinique dentaire LUX, notre priorit\u00e9 est de vous \u00e9couter et de vous rendre \u00e0 l\u2019aise. De notre approche personnalis\u00e9e \u00e0 l'environnement chaleureux de notre clinique, nous mettons tout en \u0153uvre pour vous aider \u00e0 vous sentir chez vous.<br><br> Lorsque nous discutons des plans de traitement avec vous, notre objectif est de nous assurer que vous avez une compr\u00e9hension compl\u00e8te de votre \u00e9tat de sant\u00e9 actuel, de vos options et de l'importance des visites r\u00e9guli\u00e8res. Nous mettons tout en place pour que votre traitement soit toujours la solution la plus simple, efficace et conservatrice.<br><br> Vous serez trait\u00e9s de la m\u00eame mani\u00e8re que nous traitons les membres de nos propres familles.<\/p><\/div><\/div>\t\t<\/div>\n\t\t\t\t<\/div>\n\t\t\t\t<div class=\"elementor-element elementor-element-17bb10b elementor-widget elementor-widget-menu-anchor\" data-id=\"17bb10b\" data-element_type=\"widget\" data-widget_type=\"menu-anchor.default\">\n\t\t\t\t<div class=\"elementor-widget-container\">\n\t\t\t<style>\/*! elementor - v3.7.3 - 29-08-2022 *\/\nbody.elementor-page .elementor-widget-menu-anchor{margin-bottom:0}<\/style>\t\t<div id=\"Notre-equipe\" class=\"elementor-menu-anchor\"><\/div>\n\t\t\t\t<\/div>\n\t\t\t\t<\/div>\n\t\t\t\t\t<\/div>\n\t\t<\/div>\n\t\t\t\t\t\t\t<\/div>\n\t\t<\/section>\n\t\t\t\t<section class=\"elementor-section elementor-top-section elementor-element elementor-element-dbcaf93 elementor-section-boxed elementor-section-height-default elementor-section-height-default\" data-id=\"dbcaf93\" data-element_type=\"section\">\n\t\t\t\t\t\t<div class=\"elementor-container elementor-column-gap-default\">\n\t\t\t\t\t<div class=\"elementor-column elementor-col-100 elementor-top-column elementor-element elementor-element-fe7c52d\" data-id=\"fe7c52d\" data-element_type=\"column\">\n\t\t\t<div class=\"elementor-widget-wrap elementor-element-populated\">\n\t\t\t\t\t\t\t\t<div class=\"elementor-element elementor-element-2dab912 elementor-widget elementor-widget-heading\" data-id=\"2dab912\" data-element_type=\"widget\" data-widget_type=\"heading.default\">\n\t\t\t\t<div class=\"elementor-widget-container\">\n\t\t\t<style>\/*! elementor - v3.7.3 - 29-08-2022 *\/\n.elementor-heading-title{padding:0;margin:0;line-height:1}.elementor-widget-heading .elementor-heading-title[class*=elementor-size-]>a{color:inherit;font-size:inherit;line-height:inherit}.elementor-widget-heading .elementor-heading-title.elementor-size-small{font-size:15px}.elementor-widget-heading .elementor-heading-title.elementor-size-medium{font-size:19px}.elementor-widget-heading .elementor-heading-title.elementor-size-large{font-size:29px}.elementor-widget-heading .elementor-heading-title.elementor-size-xl{font-size:39px}.elementor-widget-heading .elementor-heading-title.elementor-size-xxl{font-size:59px}<\/style><h2 class=\"elementor-heading-title elementor-size-default\">Notre \u00e9quipe<\/h2>\t\t<\/div>\n\t\t\t\t<\/div>\n\t\t\t\t<div class=\"elementor-element elementor-element-196f6d0 elementor-widget elementor-widget-text-editor\" data-id=\"196f6d0\" data-element_type=\"widget\" data-widget_type=\"text-editor.default\">\n\t\t\t\t<div class=\"elementor-widget-container\">\n\t\t\t<style>\/*! elementor - v3.7.3 - 29-08-2022 *\/\n.elementor-widget-text-editor.elementor-drop-cap-view-stacked .elementor-drop-cap{background-color:#818a91;color:#fff}.elementor-widget-text-editor.elementor-drop-cap-view-framed .elementor-drop-cap{color:#818a91;border:3px solid;background-color:transparent}.elementor-widget-text-editor:not(.elementor-drop-cap-view-default) .elementor-drop-cap{margin-top:8px}.elementor-widget-text-editor:not(.elementor-drop-cap-view-default) .elementor-drop-cap-letter{width:1em;height:1em}.elementor-widget-text-editor .elementor-drop-cap{float:left;text-align:center;line-height:1;font-size:50px}.elementor-widget-text-editor .elementor-drop-cap-letter{display:inline-block}<\/style>\t\t\t\tAvec une \u00e9quipe attentionn\u00e9e parlant plusieurs langues et notre environnement chaleureux et r\u00e9confortant, nous voulons que chacun d\u2019entre vous se sente chez soi.\t\t\t\t\t\t<\/div>\n\t\t\t\t<\/div>\n\t\t\t\t\t<\/div>\n\t\t<\/div>\n\t\t\t\t\t\t\t<\/div>\n\t\t<\/section>\n\t\t\t\t<section class=\"elementor-section elementor-top-section elementor-element elementor-element-3b1ddeff elementor-section-full_width elementor-section-height-default elementor-section-height-default\" data-id=\"3b1ddeff\" data-element_type=\"section\" data-settings=\"{&quot;background_background&quot;:&quot;classic&quot;,&quot;shape_divider_top&quot;:&quot;waves&quot;,&quot;shape_divider_bottom_negative&quot;:&quot;yes&quot;,&quot;shape_divider_bottom&quot;:&quot;waves&quot;}\">\n\t\t\t\t\t\t\t<div class=\"elementor-background-overlay\"><\/div>\n\t\t\t\t\t\t<div class=\"elementor-shape elementor-shape-top\" data-negative=\"false\">\n\t\t\t<svg xmlns=\"http:\/\/www.w3.org\/2000\/svg\" viewBox=\"0 0 1000 100\" preserveAspectRatio=\"none\">\n\t<path class=\"elementor-shape-fill\" d=\"M421.9,6.5c22.6-2.5,51.5,0.4,75.5,5.3c23.6,4.9,70.9,23.5,100.5,35.7c75.8,32.2,133.7,44.5,192.6,49.7\n\tc23.6,2.1,48.7,3.5,103.4-2.5c54.7-6,106.2-25.6,106.2-25.6V0H0v30.3c0,0,72,32.6,158.4,30.5c39.2-0.7,92.8-6.7,134-22.4\n\tc21.2-8.1,52.2-18.2,79.7-24.2C399.3,7.9,411.6,7.5,421.9,6.5z\"\/>\n<\/svg>\t\t<\/div>\n\t\t\t\t<div class=\"elementor-shape elementor-shape-bottom\" data-negative=\"true\">\n\t\t\t<svg xmlns=\"http:\/\/www.w3.org\/2000\/svg\" viewBox=\"0 0 1000 100\" preserveAspectRatio=\"none\">\n\t<path class=\"elementor-shape-fill\" d=\"M790.5,93.1c-59.3-5.3-116.8-18-192.6-50c-29.6-12.7-76.9-31-100.5-35.9c-23.6-4.9-52.6-7.8-75.5-5.3\n\tc-10.2,1.1-22.6,1.4-50.1,7.4c-27.2,6.3-58.2,16.6-79.4,24.7c-41.3,15.9-94.9,21.9-134,22.6C72,58.2,0,25.8,0,25.8V100h1000V65.3\n\tc0,0-51.5,19.4-106.2,25.7C839.5,97,814.1,95.2,790.5,93.1z\"\/>\n<\/svg>\t\t<\/div>\n\t\t\t\t\t<div class=\"elementor-container elementor-column-gap-no\">\n\t\t\t\t\t<div class=\"elementor-column elementor-col-100 elementor-top-column elementor-element elementor-element-3dbda475\" data-id=\"3dbda475\" data-element_type=\"column\">\n\t\t\t<div class=\"elementor-widget-wrap elementor-element-populated\">\n\t\t\t\t\t\t\t\t<section class=\"elementor-section elementor-inner-section elementor-element elementor-element-6015f995 elementor-section-boxed elementor-section-height-default elementor-section-height-default\" data-id=\"6015f995\" data-element_type=\"section\">\n\t\t\t\t\t\t<div class=\"elementor-container elementor-column-gap-default\">\n\t\t\t\t\t<div class=\"elementor-column elementor-col-100 elementor-inner-column elementor-element elementor-element-435c87b8\" data-id=\"435c87b8\" data-element_type=\"column\">\n\t\t\t<div class=\"elementor-widget-wrap elementor-element-populated\">\n\t\t\t\t\t\t\t\t<div class=\"elementor-element elementor-element-d85b005 elementor-widget elementor-widget-image\" data-id=\"d85b005\" data-element_type=\"widget\" data-widget_type=\"image.default\">\n\t\t\t\t<div class=\"elementor-widget-container\">\n\t\t\t<style>\/*! elementor - v3.7.3 - 29-08-2022 *\/\n.elementor-widget-image{text-align:center}.elementor-widget-image a{display:inline-block}.elementor-widget-image a img[src$=\".svg\"]{width:48px}.elementor-widget-image img{vertical-align:middle;display:inline-block}<\/style>\t\t\t\t\t\t\t\t\t\t\t\t<img loading=\"lazy\" decoding=\"async\" width=\"800\" height=\"534\" src=\"https:\/\/cliniquedentairelux.ca\/wp-content\/uploads\/2022\/08\/SupportTeam-1024x683.jpg\" class=\"attachment-large size-large\" alt=\"\" srcset=\"https:\/\/cliniquedentairelux.ca\/wp-content\/uploads\/2022\/08\/SupportTeam-1024x683.jpg 1024w, https:\/\/cliniquedentairelux.ca\/wp-content\/uploads\/2022\/08\/SupportTeam-300x200.jpg 300w, https:\/\/cliniquedentairelux.ca\/wp-content\/uploads\/2022\/08\/SupportTeam-768x512.jpg 768w, https:\/\/cliniquedentairelux.ca\/wp-content\/uploads\/2022\/08\/SupportTeam-1536x1024.jpg 1536w, https:\/\/cliniquedentairelux.ca\/wp-content\/uploads\/2022\/08\/SupportTeam-2048x1365.jpg 2048w\" sizes=\"auto, (max-width: 800px) 100vw, 800px\" \/>\t\t\t\t\t\t\t\t\t\t\t\t\t\t\t<\/div>\n\t\t\t\t<\/div>\n\t\t\t\t<div class=\"elementor-element elementor-element-558b4849 elementor-position-left steam elementor-vertical-align-top elementor-widget elementor-widget-image-box\" data-id=\"558b4849\" data-element_type=\"widget\" data-widget_type=\"image-box.default\">\n\t\t\t\t<div class=\"elementor-widget-container\">\n\t\t\t<div class=\"elementor-image-box-wrapper\"><figure class=\"elementor-image-box-img\"><img loading=\"lazy\" decoding=\"async\" width=\"768\" height=\"960\" src=\"https:\/\/cliniquedentairelux.ca\/wp-content\/uploads\/2022\/08\/Dr.-Randi-768x960.jpg\" class=\"attachment-medium_large size-medium_large\" alt=\"\" \/><\/figure><div class=\"elementor-image-box-content\"><h4 class=\"elementor-image-box-title\">Dre Randi Luxenburg<\/h4><p class=\"elementor-image-box-description\"><span>Dentiste et Propri\u00e9taire<\/span><br><br>La Dre Luxenburg est n\u00e9e et a grandi \u00e0 Montr\u00e9al. Elle a obtenu son baccalaur\u00e9at des sciences \u00e0 l'Universit\u00e9 McGill en 2010, avec une sp\u00e9cialisation en anatomie et biologie cellulaire. Elle a ensuite obtenu son doctorat en m\u00e9decine dentaire (DMD) \u00e0 l'Universit\u00e9 de Montr\u00e9al en 2014. Elle a poursuivi sa formation dentaire en effectuant une r\u00e9sidence multidisciplinaire \u00e0 l'h\u00f4pital St. Barnabas \u00e0 New York. Depuis, elle pratique en bureau priv\u00e9e \u00e0 Montr\u00e9al.<br><br>La Dre. Luxenburg a de l\u2019exp\u00e9rience dans tous les aspects de la m\u00e9decine dentaire, y compris la dentisterie esth\u00e9tique comme les facettes et les couronnes en porcelaine, les restaurations d'implants, les traitements parodontaux et les soins dentaires d'urgence, y compris les traitements de canal et les extractions. Son amour pour les enfants contribue \u00e0 faire de leur premi\u00e8re visite chez le dentiste une exp\u00e9rience amusante et positive. La Dre. Luxenburg est passionn\u00e9e par la dentisterie et continue d'apprendre les derni\u00e8res techniques et technologies en assistant chaque ann\u00e9e \u00e0 de nombreuses conf\u00e9rences et cours pratiques.<br><br>En tant que dentiste, Dre Luxenburg est particuli\u00e8rement appr\u00e9ci\u00e9e pour son honn\u00eatet\u00e9, son empathie et sa douceur. Elle apprend \u00e0 conna\u00eetre ses patients sur le plan personnel et les rend \u00e0 l\u2019aise pendant leur rendez-vous. Son amour pour la dentisterie se refl\u00e8te dans son travail. <br><br>  En dehors du bureau, la Dre Luxenburg aime passer du temps avec son merveilleux mari et ses deux filles. Elle aime aussi voyager, cuisiner et rester active. <\/p><\/div><\/div>\t\t<\/div>\n\t\t\t\t<\/div>\n\t\t\t\t<div class=\"elementor-element elementor-element-a9ba22b elementor-position-left steam elementor-vertical-align-top elementor-widget elementor-widget-image-box\" data-id=\"a9ba22b\" data-element_type=\"widget\" data-widget_type=\"image-box.default\">\n\t\t\t\t<div class=\"elementor-widget-container\">\n\t\t\t<div class=\"elementor-image-box-wrapper\"><figure class=\"elementor-image-box-img\"><img loading=\"lazy\" decoding=\"async\" width=\"768\" height=\"960\" src=\"https:\/\/cliniquedentairelux.ca\/wp-content\/uploads\/2022\/08\/DrFinkelstein-768x960.jpg\" class=\"attachment-medium_large size-medium_large\" alt=\"\" \/><\/figure><div class=\"elementor-image-box-content\"><h4 class=\"elementor-image-box-title\">Dr William Finkelstein <\/h4><p class=\"elementor-image-box-description\"><span>Dentiste<\/span><br><br> Le Dr Finkelstein a obtenu son baccalaur\u00e9at des sciences de l'Universit\u00e9 McGill en 1971, avec une sp\u00e9cialisation en psychologie. Il a obtenu son doctorat en chirurgie dentaire (DDS) de l'Universit\u00e9 McGill en 1973. Il a poursuivi sa formation dentaire avec une r\u00e9sidence multidisciplinaire \u00e0 la clinique dentaire de l'H\u00f4pital g\u00e9n\u00e9ral juif. Il travaille en bureau priv\u00e9 depuis 1974.<br><br>  Au fil des ans, le Dr Finkelstein a \u00e9t\u00e9 conf\u00e9rencier invit\u00e9 et charg\u00e9 de cours \u00e0 temps partiel \u00e0 la Facult\u00e9 de m\u00e9decine dentaire de McGill et \u00e0 l'\u00c9cole d'hygi\u00e8ne dentaire du Coll\u00e8ge John Abbott.<br><br>  Le Dr Finkelstein a de l'exp\u00e9rience dans tous les aspects de la dentisterie. Il aime particuli\u00e8rement et poss\u00e8de des connaissances et une exp\u00e9rience approfondie en proth\u00e8se implantaire, en endodontie, en dentisterie esth\u00e9tique (couronnes, ponts et facettes) et avec les enfants.<br><br>  Il ch\u00e9rit ses relations avec ses patients et en retire une satisfaction et une joie sans fin en prenant soin de tous leurs besoins dentaires de mani\u00e8re respectueuse, douce et approfondie. Il continue de participer \u00e0 des cours de formation continue, des webinaires et des conf\u00e9rences pour fournir \u00e0 ses patients les derni\u00e8res modalit\u00e9s de traitement.<br><br>  Lorsqu'il n'est pas au bureau, les autres int\u00e9r\u00eats du Dr Finkelstein incluent passer du temps de qualit\u00e9 avec sa femme, ses deux filles et ses trois petites-filles ; participer \u00e0 des sports, \u00e0 la musique et au th\u00e9\u00e2tre, ainsi que voyager.<\/p><\/div><\/div>\t\t<\/div>\n\t\t\t\t<\/div>\n\t\t\t\t<div class=\"elementor-element elementor-element-f78cae4 elementor-position-left steam elementor-vertical-align-top elementor-widget elementor-widget-image-box\" data-id=\"f78cae4\" data-element_type=\"widget\" data-widget_type=\"image-box.default\">\n\t\t\t\t<div class=\"elementor-widget-container\">\n\t\t\t<div class=\"elementor-image-box-wrapper\"><figure class=\"elementor-image-box-img\"><img loading=\"lazy\" decoding=\"async\" width=\"768\" height=\"960\" src=\"https:\/\/cliniquedentairelux.ca\/wp-content\/uploads\/2022\/08\/Adrianna-768x960.jpg\" class=\"attachment-medium_large size-medium_large\" alt=\"\" \/><\/figure><div class=\"elementor-image-box-content\"><h4 class=\"elementor-image-box-title\">Adrianna<\/h4><p class=\"elementor-image-box-description\"><span>Hygi\u00e9niste dentaire<\/span><br><br>Adrianna est dipl\u00f4m\u00e9e du Coll\u00e8ge John Abbott o\u00f9 elle a obtenu son DEC en hygi\u00e8ne dentaire en 2013. Avant de devenir hygi\u00e9niste dentaire, Adrianna a obtenu son dipl\u00f4me de technique dentaire en Isra\u00ebl et a exerc\u00e9 en tant qu'assistante dentaire pendant 8 ans. <br><br> Dou\u00e9e et passionn\u00e9e, elle vous apprendra comment prendre soin de votre sant\u00e9 buccale tout en assurant votre plus grand confort lors de vos rendez-vous. Adrianna parle couramment le fran\u00e7ais, l'anglais, le roumain et l'h\u00e9breu. <br><br> En dehors du bureau, Adrianna adore passer du temps avec sa fille et cuisiner de d\u00e9licieuses p\u00e2tisseries. <\/p><\/div><\/div>\t\t<\/div>\n\t\t\t\t<\/div>\n\t\t\t\t\t<\/div>\n\t\t<\/div>\n\t\t\t\t\t\t\t<\/div>\n\t\t<\/section>\n\t\t\t\t<section class=\"elementor-section elementor-inner-section elementor-element elementor-element-6a06ee0 elementor-section-boxed elementor-section-height-default elementor-section-height-default\" data-id=\"6a06ee0\" data-element_type=\"section\">\n\t\t\t\t\t\t<div class=\"elementor-container elementor-column-gap-default\">\n\t\t\t\t\t<div class=\"elementor-column elementor-col-20 elementor-inner-column elementor-element elementor-element-c2d5da5\" data-id=\"c2d5da5\" data-element_type=\"column\">\n\t\t\t<div class=\"elementor-widget-wrap elementor-element-populated\">\n\t\t\t\t\t\t\t\t<div class=\"elementor-element elementor-element-bc7d480 steam2 elementor-position-top elementor-vertical-align-top elementor-widget elementor-widget-image-box\" data-id=\"bc7d480\" data-element_type=\"widget\" data-widget_type=\"image-box.default\">\n\t\t\t\t<div class=\"elementor-widget-container\">\n\t\t\t<div class=\"elementor-image-box-wrapper\"><figure class=\"elementor-image-box-img\"><img loading=\"lazy\" decoding=\"async\" width=\"768\" height=\"960\" src=\"https:\/\/cliniquedentairelux.ca\/wp-content\/uploads\/2022\/08\/Joaquina-768x960.jpg\" class=\"attachment-medium_large size-medium_large\" alt=\"\" \/><\/figure><div class=\"elementor-image-box-content\"><h4 class=\"elementor-image-box-title\">Joaquina<\/h4><p class=\"elementor-image-box-description\"><span>Assistante<\/span><\/p><\/div><\/div>\t\t<\/div>\n\t\t\t\t<\/div>\n\t\t\t\t\t<\/div>\n\t\t<\/div>\n\t\t\t\t<div class=\"elementor-column elementor-col-20 elementor-inner-column elementor-element elementor-element-36eabc3 elementor-hidden-tablet elementor-hidden-mobile\" data-id=\"36eabc3\" data-element_type=\"column\">\n\t\t\t<div class=\"elementor-widget-wrap\">\n\t\t\t\t\t\t\t\t\t<\/div>\n\t\t<\/div>\n\t\t\t\t<div class=\"elementor-column elementor-col-20 elementor-inner-column elementor-element elementor-element-5cd9c7e\" data-id=\"5cd9c7e\" data-element_type=\"column\">\n\t\t\t<div class=\"elementor-widget-wrap elementor-element-populated\">\n\t\t\t\t\t\t\t\t<div class=\"elementor-element elementor-element-f256261 steam2 elementor-position-top elementor-vertical-align-top elementor-widget elementor-widget-image-box\" data-id=\"f256261\" data-element_type=\"widget\" data-widget_type=\"image-box.default\">\n\t\t\t\t<div class=\"elementor-widget-container\">\n\t\t\t<div class=\"elementor-image-box-wrapper\"><figure class=\"elementor-image-box-img\"><img loading=\"lazy\" decoding=\"async\" width=\"768\" height=\"960\" src=\"https:\/\/cliniquedentairelux.ca\/wp-content\/uploads\/2022\/08\/Miriam-768x960.jpg\" class=\"attachment-medium_large size-medium_large\" alt=\"\" \/><\/figure><div class=\"elementor-image-box-content\"><h4 class=\"elementor-image-box-title\">Miriam<\/h4><p class=\"elementor-image-box-description\"><span>R\u00e9ception<\/span><\/p><\/div><\/div>\t\t<\/div>\n\t\t\t\t<\/div>\n\t\t\t\t\t<\/div>\n\t\t<\/div>\n\t\t\t\t<div class=\"elementor-column elementor-col-20 elementor-inner-column elementor-element elementor-element-db46561 elementor-hidden-tablet elementor-hidden-mobile\" data-id=\"db46561\" data-element_type=\"column\">\n\t\t\t<div class=\"elementor-widget-wrap\">\n\t\t\t\t\t\t\t\t\t<\/div>\n\t\t<\/div>\n\t\t\t\t<div class=\"elementor-column elementor-col-20 elementor-inner-column elementor-element elementor-element-ebb4b43\" data-id=\"ebb4b43\" data-element_type=\"column\">\n\t\t\t<div class=\"elementor-widget-wrap elementor-element-populated\">\n\t\t\t\t\t\t\t\t<div class=\"elementor-element elementor-element-9f186a3 steam2 elementor-position-top elementor-vertical-align-top elementor-widget elementor-widget-image-box\" data-id=\"9f186a3\" data-element_type=\"widget\" data-widget_type=\"image-box.default\">\n\t\t\t\t<div class=\"elementor-widget-container\">\n\t\t\t<div class=\"elementor-image-box-wrapper\"><figure class=\"elementor-image-box-img\"><img loading=\"lazy\" decoding=\"async\" width=\"768\" height=\"960\" src=\"https:\/\/cliniquedentairelux.ca\/wp-content\/uploads\/2022\/08\/Sherina-768x960.jpg\" class=\"attachment-medium_large size-medium_large\" alt=\"\" \/><\/figure><div class=\"elementor-image-box-content\"><h4 class=\"elementor-image-box-title\">Sherina<\/h4><p class=\"elementor-image-box-description\"><span>Assistante<\/span><\/p><\/div><\/div>\t\t<\/div>\n\t\t\t\t<\/div>\n\t\t\t\t\t<\/div>\n\t\t<\/div>\n\t\t\t\t\t\t\t<\/div>\n\t\t<\/section>\n\t\t\t\t\t<\/div>\n\t\t<\/div>\n\t\t\t\t\t\t\t<\/div>\n\t\t<\/section>\n\t\t\t\t\t\t\t<\/div>\n\t\t","protected":false},"excerpt":{"rendered":"<p>Depuis 1974, nous prenons soin de notre communaut\u00e9 et nous \u00e9duquons nos patients quant \u00e0 leur sant\u00e9 buccale. \u00c0 la clinique dentaire LUX, notre priorit\u00e9 est de vous \u00e9couter et de vous rendre \u00e0 l\u2019aise. De notre approche personnalis\u00e9e \u00e0 l&rsquo;environnement chaleureux de notre clinique, nous mettons tout en \u0153uvre pour vous aider \u00e0 vous [&hellip;]<\/p>\n","protected":false},"author":1,"featured_media":0,"parent":0,"menu_order":0,"comment_status":"closed","ping_status":"closed","template":"","meta":{"_seopress_robots_primary_cat":"","footnotes":""},"class_list":["post-1282","page","type-page","status-publish","hentry"],"_links":{"self":[{"href":"https:\/\/cliniquedentairelux.ca\/fr\/wp-json\/wp\/v2\/pages\/1282","targetHints":{"allow":["GET"]}}],"collection":[{"href":"https:\/\/cliniquedentairelux.ca\/fr\/wp-json\/wp\/v2\/pages"}],"about":[{"href":"https:\/\/cliniquedentairelux.ca\/fr\/wp-json\/wp\/v2\/types\/page"}],"author":[{"embeddable":true,"href":"https:\/\/cliniquedentairelux.ca\/fr\/wp-json\/wp\/v2\/users\/1"}],"replies":[{"embeddable":true,"href":"https:\/\/cliniquedentairelux.ca\/fr\/wp-json\/wp\/v2\/comments?post=1282"}],"version-history":[{"count":18,"href":"https:\/\/cliniquedentairelux.ca\/fr\/wp-json\/wp\/v2\/pages\/1282\/revisions"}],"predecessor-version":[{"id":2144,"href":"https:\/\/cliniquedentairelux.ca\/fr\/wp-json\/wp\/v2\/pages\/1282\/revisions\/2144"}],"wp:attachment":[{"href":"https:\/\/cliniquedentairelux.ca\/fr\/wp-json\/wp\/v2\/media?parent=1282"}],"curies":[{"name":"wp","href":"https:\/\/api.w.org\/{rel}","templated":true}]}}