{"id":1394,"date":"2022-08-02T13:47:34","date_gmt":"2022-08-02T17:47:34","guid":{"rendered":"https:\/\/cliniquedentairelux.ca\/plaques-occlusale-et-protecteurs-buccales-sportifs\/"},"modified":"2023-02-21T16:29:09","modified_gmt":"2023-02-21T21:29:09","slug":"plaques-occlusale-et-protecteurs-buccales-sportifs","status":"publish","type":"page","link":"https:\/\/cliniquedentairelux.ca\/fr\/services\/plaques-occlusale-et-protecteurs-buccales-sportifs\/","title":{"rendered":"Plaques occlusales et protecteurs buccaux sportifs"},"content":{"rendered":"\t\t<div data-elementor-type=\"wp-page\" data-elementor-id=\"1394\" class=\"elementor elementor-1394 elementor-822\">\n\t\t\t\t\t\t\t\t\t<section class=\"elementor-section elementor-top-section elementor-element elementor-element-7008bc1 elementor-section-boxed elementor-section-height-default elementor-section-height-default\" data-id=\"7008bc1\" data-element_type=\"section\" data-settings=\"{&quot;background_background&quot;:&quot;classic&quot;,&quot;shape_divider_bottom&quot;:&quot;waves&quot;,&quot;shape_divider_bottom_negative&quot;:&quot;yes&quot;}\">\n\t\t\t\t\t\t\t<div class=\"elementor-background-overlay\"><\/div>\n\t\t\t\t\t\t<div class=\"elementor-shape elementor-shape-bottom\" data-negative=\"true\">\n\t\t\t<svg xmlns=\"http:\/\/www.w3.org\/2000\/svg\" viewBox=\"0 0 1000 100\" preserveAspectRatio=\"none\">\n\t<path class=\"elementor-shape-fill\" d=\"M790.5,93.1c-59.3-5.3-116.8-18-192.6-50c-29.6-12.7-76.9-31-100.5-35.9c-23.6-4.9-52.6-7.8-75.5-5.3\n\tc-10.2,1.1-22.6,1.4-50.1,7.4c-27.2,6.3-58.2,16.6-79.4,24.7c-41.3,15.9-94.9,21.9-134,22.6C72,58.2,0,25.8,0,25.8V100h1000V65.3\n\tc0,0-51.5,19.4-106.2,25.7C839.5,97,814.1,95.2,790.5,93.1z\"\/>\n<\/svg>\t\t<\/div>\n\t\t\t\t\t<div class=\"elementor-container elementor-column-gap-default\">\n\t\t\t\t\t<div class=\"elementor-column elementor-col-33 elementor-top-column elementor-element elementor-element-6e4bfe3\" data-id=\"6e4bfe3\" data-element_type=\"column\">\n\t\t\t<div class=\"elementor-widget-wrap\">\n\t\t\t\t\t\t\t\t\t<\/div>\n\t\t<\/div>\n\t\t\t\t<div class=\"elementor-column elementor-col-33 elementor-top-column elementor-element elementor-element-ce49faa\" data-id=\"ce49faa\" data-element_type=\"column\">\n\t\t\t<div class=\"elementor-widget-wrap elementor-element-populated\">\n\t\t\t\t\t\t\t\t<div class=\"elementor-element elementor-element-da032d7 elementor-widget__width-auto elementor-widget elementor-widget-heading\" data-id=\"da032d7\" data-element_type=\"widget\" data-widget_type=\"heading.default\">\n\t\t\t\t<div class=\"elementor-widget-container\">\n\t\t\t<style>\/*! elementor - v3.7.3 - 29-08-2022 *\/\n.elementor-heading-title{padding:0;margin:0;line-height:1}.elementor-widget-heading .elementor-heading-title[class*=elementor-size-]>a{color:inherit;font-size:inherit;line-height:inherit}.elementor-widget-heading .elementor-heading-title.elementor-size-small{font-size:15px}.elementor-widget-heading .elementor-heading-title.elementor-size-medium{font-size:19px}.elementor-widget-heading .elementor-heading-title.elementor-size-large{font-size:29px}.elementor-widget-heading .elementor-heading-title.elementor-size-xl{font-size:39px}.elementor-widget-heading .elementor-heading-title.elementor-size-xxl{font-size:59px}<\/style><h6 class=\"elementor-heading-title elementor-size-default\"><a href=\"#asd\">Services<\/a><\/h6>\t\t<\/div>\n\t\t\t\t<\/div>\n\t\t\t\t<div class=\"elementor-element elementor-element-9fd0383 elementor-widget elementor-widget-text-editor\" data-id=\"9fd0383\" data-element_type=\"widget\" data-widget_type=\"text-editor.default\">\n\t\t\t\t<div class=\"elementor-widget-container\">\n\t\t\t<style>\/*! elementor - v3.7.3 - 29-08-2022 *\/\n.elementor-widget-text-editor.elementor-drop-cap-view-stacked .elementor-drop-cap{background-color:#818a91;color:#fff}.elementor-widget-text-editor.elementor-drop-cap-view-framed .elementor-drop-cap{color:#818a91;border:3px solid;background-color:transparent}.elementor-widget-text-editor:not(.elementor-drop-cap-view-default) .elementor-drop-cap{margin-top:8px}.elementor-widget-text-editor:not(.elementor-drop-cap-view-default) .elementor-drop-cap-letter{width:1em;height:1em}.elementor-widget-text-editor .elementor-drop-cap{float:left;text-align:center;line-height:1;font-size:50px}.elementor-widget-text-editor .elementor-drop-cap-letter{display:inline-block}<\/style>\t\t\t\tVos dents peuvent \u00eatre physiquement endommag\u00e9es par le grincement ou les sports de contact. Pour prot\u00e9ger l&rsquo;\u00e9mail et l&rsquo;int\u00e9grit\u00e9 de vos dents, clinique dentaire LUX propose des protecteurs buccaux sur mesure.\t\t\t\t\t\t<\/div>\n\t\t\t\t<\/div>\n\t\t\t\t\t<\/div>\n\t\t<\/div>\n\t\t\t\t<div class=\"elementor-column elementor-col-33 elementor-top-column elementor-element elementor-element-551fcac\" data-id=\"551fcac\" data-element_type=\"column\">\n\t\t\t<div class=\"elementor-widget-wrap\">\n\t\t\t\t\t\t\t\t\t<\/div>\n\t\t<\/div>\n\t\t\t\t\t\t\t<\/div>\n\t\t<\/section>\n\t\t\t\t<section class=\"elementor-section elementor-top-section elementor-element elementor-element-511ce04 elementor-section-boxed elementor-section-height-default elementor-section-height-default\" data-id=\"511ce04\" data-element_type=\"section\">\n\t\t\t\t\t\t<div class=\"elementor-container elementor-column-gap-default\">\n\t\t\t\t\t<div class=\"elementor-column elementor-col-100 elementor-top-column elementor-element elementor-element-7947cc3\" data-id=\"7947cc3\" data-element_type=\"column\">\n\t\t\t<div class=\"elementor-widget-wrap elementor-element-populated\">\n\t\t\t\t\t\t\t\t<div class=\"elementor-element elementor-element-03c159a elementor-position-left sfull leftpadding elementor-vertical-align-top elementor-widget elementor-widget-image-box\" data-id=\"03c159a\" data-element_type=\"widget\" data-widget_type=\"image-box.default\">\n\t\t\t\t<div class=\"elementor-widget-container\">\n\t\t\t<style>\/*! elementor - v3.7.3 - 29-08-2022 *\/\n.elementor-widget-image-box .elementor-image-box-content{width:100%}@media (min-width:768px){.elementor-widget-image-box.elementor-position-left .elementor-image-box-wrapper,.elementor-widget-image-box.elementor-position-right .elementor-image-box-wrapper{display:-webkit-box;display:-ms-flexbox;display:flex}.elementor-widget-image-box.elementor-position-right .elementor-image-box-wrapper{text-align:right;-webkit-box-orient:horizontal;-webkit-box-direction:reverse;-ms-flex-direction:row-reverse;flex-direction:row-reverse}.elementor-widget-image-box.elementor-position-left .elementor-image-box-wrapper{text-align:left;-webkit-box-orient:horizontal;-webkit-box-direction:normal;-ms-flex-direction:row;flex-direction:row}.elementor-widget-image-box.elementor-position-top .elementor-image-box-img{margin:auto}.elementor-widget-image-box.elementor-vertical-align-top .elementor-image-box-wrapper{-webkit-box-align:start;-ms-flex-align:start;align-items:flex-start}.elementor-widget-image-box.elementor-vertical-align-middle .elementor-image-box-wrapper{-webkit-box-align:center;-ms-flex-align:center;align-items:center}.elementor-widget-image-box.elementor-vertical-align-bottom .elementor-image-box-wrapper{-webkit-box-align:end;-ms-flex-align:end;align-items:flex-end}}@media (max-width:767px){.elementor-widget-image-box .elementor-image-box-img{margin-left:auto!important;margin-right:auto!important;margin-bottom:15px}}.elementor-widget-image-box .elementor-image-box-img{display:inline-block}.elementor-widget-image-box .elementor-image-box-title a{color:inherit}.elementor-widget-image-box .elementor-image-box-wrapper{text-align:center}.elementor-widget-image-box .elementor-image-box-description{margin:0}<\/style><div class=\"elementor-image-box-wrapper\"><figure class=\"elementor-image-box-img\"><img loading=\"lazy\" decoding=\"async\" width=\"768\" height=\"512\" src=\"https:\/\/cliniquedentairelux.ca\/wp-content\/uploads\/2022\/08\/night-guards-768x512.jpeg\" class=\"attachment-medium_large size-medium_large\" alt=\"\" \/><\/figure><div class=\"elementor-image-box-content\"><h4 class=\"elementor-image-box-title\">Plaques occlusales (protecteurs de nuit)<\/h4><p class=\"elementor-image-box-description\">Le grincement des dents pendant la nuit est une habitude nocive et dommageable qui peut rarement \u00eatre contr\u00f4l\u00e9e ou arr\u00eat\u00e9e. Des douleurs de la m\u00e2choire, des migraines, des infections dentaires et un taux de carie plus rapide sont les cons\u00e9quences de cette malheureuse maladie. Mais avec un appareil de bruxisme (plaque occlusale), vous pouvez r\u00e9duire consid\u00e9rablement l'usure de vos dents caus\u00e9e par le grincement nocturne. La clinique dentaire LUX fabriquera pour vous une plaque occlusale personnalis\u00e9e et confortable, \u00e0 porter toute la nuit afin de pr\u00e9server votre sant\u00e9 dentaire.<\/p><\/div><\/div>\t\t<\/div>\n\t\t\t\t<\/div>\n\t\t\t\t\t<\/div>\n\t\t<\/div>\n\t\t\t\t\t\t\t<\/div>\n\t\t<\/section>\n\t\t\t\t<section class=\"elementor-section elementor-top-section elementor-element elementor-element-4dd9408 elementor-section-full_width elementor-section-height-default elementor-section-height-default\" data-id=\"4dd9408\" data-element_type=\"section\" id=\"theCTA\" data-settings=\"{&quot;shape_divider_top&quot;:&quot;waves&quot;,&quot;shape_divider_top_negative&quot;:&quot;yes&quot;,&quot;shape_divider_bottom_negative&quot;:&quot;yes&quot;,&quot;shape_divider_bottom&quot;:&quot;waves&quot;}\">\n\t\t\t\t\t<div class=\"elementor-shape elementor-shape-top\" data-negative=\"true\">\n\t\t\t<svg xmlns=\"http:\/\/www.w3.org\/2000\/svg\" viewBox=\"0 0 1000 100\" preserveAspectRatio=\"none\">\n\t<path class=\"elementor-shape-fill\" d=\"M790.5,93.1c-59.3-5.3-116.8-18-192.6-50c-29.6-12.7-76.9-31-100.5-35.9c-23.6-4.9-52.6-7.8-75.5-5.3\n\tc-10.2,1.1-22.6,1.4-50.1,7.4c-27.2,6.3-58.2,16.6-79.4,24.7c-41.3,15.9-94.9,21.9-134,22.6C72,58.2,0,25.8,0,25.8V100h1000V65.3\n\tc0,0-51.5,19.4-106.2,25.7C839.5,97,814.1,95.2,790.5,93.1z\"\/>\n<\/svg>\t\t<\/div>\n\t\t\t\t<div class=\"elementor-shape elementor-shape-bottom\" data-negative=\"true\">\n\t\t\t<svg xmlns=\"http:\/\/www.w3.org\/2000\/svg\" viewBox=\"0 0 1000 100\" preserveAspectRatio=\"none\">\n\t<path class=\"elementor-shape-fill\" d=\"M790.5,93.1c-59.3-5.3-116.8-18-192.6-50c-29.6-12.7-76.9-31-100.5-35.9c-23.6-4.9-52.6-7.8-75.5-5.3\n\tc-10.2,1.1-22.6,1.4-50.1,7.4c-27.2,6.3-58.2,16.6-79.4,24.7c-41.3,15.9-94.9,21.9-134,22.6C72,58.2,0,25.8,0,25.8V100h1000V65.3\n\tc0,0-51.5,19.4-106.2,25.7C839.5,97,814.1,95.2,790.5,93.1z\"\/>\n<\/svg>\t\t<\/div>\n\t\t\t\t\t<div class=\"elementor-container elementor-column-gap-no\">\n\t\t\t\t\t<div class=\"elementor-column elementor-col-100 elementor-top-column elementor-element elementor-element-adead71\" data-id=\"adead71\" data-element_type=\"column\">\n\t\t\t<div class=\"elementor-widget-wrap elementor-element-populated\">\n\t\t\t\t\t\t\t\t<section class=\"elementor-section elementor-inner-section elementor-element elementor-element-6d2e5f1 elementor-section-content-middle elementor-section-boxed elementor-section-height-default elementor-section-height-default\" data-id=\"6d2e5f1\" data-element_type=\"section\">\n\t\t\t\t\t\t\t<div class=\"elementor-background-overlay\"><\/div>\n\t\t\t\t\t\t\t<div class=\"elementor-container elementor-column-gap-default\">\n\t\t\t\t\t<div class=\"elementor-column elementor-col-50 elementor-inner-column elementor-element elementor-element-a9cc98d\" data-id=\"a9cc98d\" data-element_type=\"column\">\n\t\t\t<div class=\"elementor-widget-wrap elementor-element-populated\">\n\t\t\t\t\t\t\t\t<div class=\"elementor-element elementor-element-4711024 elementor-widget elementor-widget-global elementor-global-1492 elementor-global-712 elementor-widget-heading\" data-id=\"4711024\" data-element_type=\"widget\" data-widget_type=\"heading.default\">\n\t\t\t\t<div class=\"elementor-widget-container\">\n\t\t\t<h3 class=\"elementor-heading-title elementor-size-default\">Prenez rendez-vous aujourd'hui<\/h3>\t\t<\/div>\n\t\t\t\t<\/div>\n\t\t\t\t<div class=\"elementor-element elementor-element-331378a elementor-widget__width-auto elementor-mobile-align-center elementor-widget-tablet__width-inherit elementor-widget elementor-widget-global elementor-global-1488 elementor-global-718 elementor-widget-button\" data-id=\"331378a\" data-element_type=\"widget\" data-widget_type=\"button.default\">\n\t\t\t\t<div class=\"elementor-widget-container\">\n\t\t\t\t\t<div class=\"elementor-button-wrapper\">\n\t\t\t<a href=\"https:\/\/cliniquedentairelux.ca\/fr\/nous-contacter\/\" class=\"elementor-button-link elementor-button elementor-size-sm\" role=\"button\">\n\t\t\t\t\t\t<span class=\"elementor-button-content-wrapper\">\n\t\t\t\t\t\t<span class=\"elementor-button-text\">Contact<\/span>\n\t\t<\/span>\n\t\t\t\t\t<\/a>\n\t\t<\/div>\n\t\t\t\t<\/div>\n\t\t\t\t<\/div>\n\t\t\t\t<div class=\"elementor-element elementor-element-4cc03e9 elementor-widget__width-auto elementor-mobile-align-center elementor-widget-tablet__width-inherit elementor-widget elementor-widget-global elementor-global-1490 elementor-global-715 elementor-widget-button\" data-id=\"4cc03e9\" data-element_type=\"widget\" data-widget_type=\"button.default\">\n\t\t\t\t<div class=\"elementor-widget-container\">\n\t\t\t\t\t<div class=\"elementor-button-wrapper\">\n\t\t\t<a href=\"tel:514&#8209;484&#8209;2322\" class=\"elementor-button-link elementor-button elementor-size-sm\" role=\"button\">\n\t\t\t\t\t\t<span class=\"elementor-button-content-wrapper\">\n\t\t\t\t\t\t\t<span class=\"elementor-button-icon elementor-align-icon-left\">\n\t\t\t\t<svg xmlns=\"http:\/\/www.w3.org\/2000\/svg\" width=\"35\" height=\"35\" viewBox=\"0 0 35 35\" fill=\"none\"><g clip-path=\"url(#clip0_176_46)\"><path d=\"M29.8833 5.11444C26.5846 1.81638 22.1868 0 17.5 0C12.8233 0 8.42728 1.82178 5.12149 5.12976C1.81556 8.43794 -0.00327682 12.8356 4.43187e-06 17.5126C0.00328568 22.1957 1.84605 26.6001 5.18882 29.9147C8.49947 33.1973 12.8665 35 17.4998 35C17.5461 35 17.5926 34.9999 17.6389 34.9995C20.6664 34.9759 23.6448 34.166 26.2523 32.6573C26.2523 32.6573 15.2477 37 6.63285 28.4583C3.68095 25.5315 2.05373 21.6437 2.05079 17.5111C2.04791 13.3822 3.65361 9.4999 6.57214 6.57938C9.49047 3.65907 13.3714 2.05078 17.5 2.05078C26.0172 2.05078 32.9478 8.98003 32.9492 17.4972C32.9498 20.8733 31.8814 24.0801 29.8595 26.7709C29.6836 27.005 29.4241 27.1454 29.1286 27.1663C28.83 27.1873 28.5368 27.078 28.325 26.8663L26.93 25.4714L27.5494 24.8521L22.7156 20.0183L20.7821 21.9518C16.7568 21.4093 13.5906 18.2431 13.0482 14.2178L14.9816 12.2843L10.1479 7.45056L7.47818 10.1203C7.21663 14.649 8.81474 19.2651 12.2747 22.7251C15.7348 26.1851 20.3509 27.7832 24.8796 27.5217L25.4799 26.9214L26.8749 28.3164C27.507 28.9485 28.381 29.2749 29.2731 29.2119C30.1573 29.1495 30.9686 28.7088 31.499 28.0027C33.79 24.9538 35.0007 21.3209 35 17.4969C34.9992 12.8101 33.182 8.41258 29.8833 5.11444Z\" fill=\"white\"><\/path><\/g><defs><clipPath id=\"clip0_176_46\"><rect width=\"35\" height=\"35\" fill=\"white\"><\/rect><\/clipPath><\/defs><\/svg>\t\t\t<\/span>\n\t\t\t\t\t\t<span class=\"elementor-button-text\"><span class='thephone inactive'>000-000-0000<\/span><\/span>\n\t\t<\/span>\n\t\t\t\t\t<\/a>\n\t\t<\/div>\n\t\t\t\t<\/div>\n\t\t\t\t<\/div>\n\t\t\t\t\t<\/div>\n\t\t<\/div>\n\t\t\t\t<div class=\"elementor-column elementor-col-50 elementor-inner-column elementor-element elementor-element-149170f\" data-id=\"149170f\" data-element_type=\"column\">\n\t\t\t<div class=\"elementor-widget-wrap elementor-element-populated\">\n\t\t\t\t\t\t\t\t<div class=\"elementor-element elementor-element-9cfd7fd elementor-hidden-mobile elementor-widget elementor-widget-global elementor-global-1494 elementor-global-709 elementor-widget-image\" data-id=\"9cfd7fd\" data-element_type=\"widget\" data-widget_type=\"image.default\">\n\t\t\t\t<div class=\"elementor-widget-container\">\n\t\t\t<style>\/*! elementor - v3.7.3 - 29-08-2022 *\/\n.elementor-widget-image{text-align:center}.elementor-widget-image a{display:inline-block}.elementor-widget-image a img[src$=\".svg\"]{width:48px}.elementor-widget-image img{vertical-align:middle;display:inline-block}<\/style>\t\t\t\t\t\t\t\t\t\t\t\t<img loading=\"lazy\" decoding=\"async\" width=\"800\" height=\"544\" src=\"https:\/\/cliniquedentairelux.ca\/wp-content\/uploads\/2022\/06\/teeth-and-implants-1024x696.png\" class=\"attachment-large size-large\" alt=\"\" srcset=\"https:\/\/cliniquedentairelux.ca\/wp-content\/uploads\/2022\/06\/teeth-and-implants-1024x696.png 1024w, https:\/\/cliniquedentairelux.ca\/wp-content\/uploads\/2022\/06\/teeth-and-implants-300x204.png 300w, https:\/\/cliniquedentairelux.ca\/wp-content\/uploads\/2022\/06\/teeth-and-implants-768x522.png 768w, https:\/\/cliniquedentairelux.ca\/wp-content\/uploads\/2022\/06\/teeth-and-implants-1536x1044.png 1536w, https:\/\/cliniquedentairelux.ca\/wp-content\/uploads\/2022\/06\/teeth-and-implants-2048x1393.png 2048w\" sizes=\"auto, (max-width: 800px) 100vw, 800px\" \/>\t\t\t\t\t\t\t\t\t\t\t\t\t\t\t<\/div>\n\t\t\t\t<\/div>\n\t\t\t\t\t<\/div>\n\t\t<\/div>\n\t\t\t\t\t\t\t<\/div>\n\t\t<\/section>\n\t\t\t\t\t<\/div>\n\t\t<\/div>\n\t\t\t\t\t\t\t<\/div>\n\t\t<\/section>\n\t\t\t\t<section class=\"elementor-section elementor-top-section elementor-element elementor-element-6bebd6d elementor-section-full_width elementor-section-height-default elementor-section-height-default\" data-id=\"6bebd6d\" data-element_type=\"section\" data-settings=\"{&quot;background_background&quot;:&quot;classic&quot;,&quot;shape_divider_top&quot;:&quot;waves&quot;,&quot;shape_divider_top_negative&quot;:&quot;yes&quot;,&quot;shape_divider_bottom_negative&quot;:&quot;yes&quot;,&quot;shape_divider_bottom&quot;:&quot;waves&quot;}\">\n\t\t\t\t\t\t\t<div class=\"elementor-background-overlay\"><\/div>\n\t\t\t\t\t\t<div class=\"elementor-shape elementor-shape-top\" data-negative=\"true\">\n\t\t\t<svg xmlns=\"http:\/\/www.w3.org\/2000\/svg\" viewBox=\"0 0 1000 100\" preserveAspectRatio=\"none\">\n\t<path class=\"elementor-shape-fill\" d=\"M790.5,93.1c-59.3-5.3-116.8-18-192.6-50c-29.6-12.7-76.9-31-100.5-35.9c-23.6-4.9-52.6-7.8-75.5-5.3\n\tc-10.2,1.1-22.6,1.4-50.1,7.4c-27.2,6.3-58.2,16.6-79.4,24.7c-41.3,15.9-94.9,21.9-134,22.6C72,58.2,0,25.8,0,25.8V100h1000V65.3\n\tc0,0-51.5,19.4-106.2,25.7C839.5,97,814.1,95.2,790.5,93.1z\"\/>\n<\/svg>\t\t<\/div>\n\t\t\t\t<div class=\"elementor-shape elementor-shape-bottom\" data-negative=\"true\">\n\t\t\t<svg xmlns=\"http:\/\/www.w3.org\/2000\/svg\" viewBox=\"0 0 1000 100\" preserveAspectRatio=\"none\">\n\t<path class=\"elementor-shape-fill\" d=\"M790.5,93.1c-59.3-5.3-116.8-18-192.6-50c-29.6-12.7-76.9-31-100.5-35.9c-23.6-4.9-52.6-7.8-75.5-5.3\n\tc-10.2,1.1-22.6,1.4-50.1,7.4c-27.2,6.3-58.2,16.6-79.4,24.7c-41.3,15.9-94.9,21.9-134,22.6C72,58.2,0,25.8,0,25.8V100h1000V65.3\n\tc0,0-51.5,19.4-106.2,25.7C839.5,97,814.1,95.2,790.5,93.1z\"\/>\n<\/svg>\t\t<\/div>\n\t\t\t\t\t<div class=\"elementor-container elementor-column-gap-no\">\n\t\t\t\t\t<div class=\"elementor-column elementor-col-100 elementor-top-column elementor-element elementor-element-bc5b6a8\" data-id=\"bc5b6a8\" data-element_type=\"column\">\n\t\t\t<div class=\"elementor-widget-wrap elementor-element-populated\">\n\t\t\t\t\t\t\t\t<section class=\"elementor-section elementor-inner-section elementor-element elementor-element-69e8c63 elementor-section-boxed elementor-section-height-default elementor-section-height-default\" data-id=\"69e8c63\" data-element_type=\"section\">\n\t\t\t\t\t\t<div class=\"elementor-container elementor-column-gap-default\">\n\t\t\t\t\t<div class=\"elementor-column elementor-col-100 elementor-inner-column elementor-element elementor-element-158eb80\" data-id=\"158eb80\" data-element_type=\"column\">\n\t\t\t<div class=\"elementor-widget-wrap elementor-element-populated\">\n\t\t\t\t\t\t\t\t<div class=\"elementor-element elementor-element-07aeeb7 elementor-position-left elementor-vertical-align-middle elementor-widget__width-auto sfull elementor-widget elementor-widget-image-box\" data-id=\"07aeeb7\" data-element_type=\"widget\" data-widget_type=\"image-box.default\">\n\t\t\t\t<div class=\"elementor-widget-container\">\n\t\t\t<div class=\"elementor-image-box-wrapper\"><figure class=\"elementor-image-box-img\"><img loading=\"lazy\" decoding=\"async\" width=\"768\" height=\"512\" src=\"https:\/\/cliniquedentairelux.ca\/wp-content\/uploads\/2022\/08\/sport-guards-1-768x512.jpeg\" class=\"attachment-medium_large size-medium_large\" alt=\"\" \/><\/figure><div class=\"elementor-image-box-content\"><h4 class=\"elementor-image-box-title\">Protecteurs sportifs :<\/h4><p class=\"elementor-image-box-description\">Les sports de contact sont amusants \u00e0 pratiquer, mais comportent des risques pour vos dents. Lors des sports physiques tels que le football, le rugby, le hockey, le football et les arts martiaux, il n'est pas rare d'\u00eatre frapp\u00e9 \u00e0 la bouche avec une grande force. Heureusement, il est possible d\u2019\u00e9viter une blessure dentaire gr\u00e2ce \u00e0 un protecteur buccal sportif personnalis\u00e9. La clinique dentaire LUX fabrique des protecteurs buccaux pour les sports personnalis\u00e9s con\u00e7us pour s'adapter confortablement \u00e0 votre bouche pendant que vous jouez.<br><br>Pour pr\u00e9venir les blessures physiques aux dents, appelez la clinique dentaire LUX et renseignez-vous sur vos options de protecteurs buccaux.<\/p><\/div><\/div>\t\t<\/div>\n\t\t\t\t<\/div>\n\t\t\t\t<div class=\"elementor-element elementor-element-623c8c3 elementor-align-center elementor-widget elementor-widget-button\" data-id=\"623c8c3\" data-element_type=\"widget\" data-widget_type=\"button.default\">\n\t\t\t\t<div class=\"elementor-widget-container\">\n\t\t\t\t\t<div class=\"elementor-button-wrapper\">\n\t\t\t<a href=\"https:\/\/cliniquedentairelux.ca\/fr\/nous-contacter\/\" class=\"elementor-button-link elementor-button elementor-size-sm\" role=\"button\">\n\t\t\t\t\t\t<span class=\"elementor-button-content-wrapper\">\n\t\t\t\t\t\t<span class=\"elementor-button-text\">Nous contacter<\/span>\n\t\t<\/span>\n\t\t\t\t\t<\/a>\n\t\t<\/div>\n\t\t\t\t<\/div>\n\t\t\t\t<\/div>\n\t\t\t\t\t<\/div>\n\t\t<\/div>\n\t\t\t\t\t\t\t<\/div>\n\t\t<\/section>\n\t\t\t\t\t<\/div>\n\t\t<\/div>\n\t\t\t\t\t\t\t<\/div>\n\t\t<\/section>\n\t\t\t\t\t\t\t<\/div>\n\t\t","protected":false},"excerpt":{"rendered":"<p>Services Vos dents peuvent \u00eatre physiquement endommag\u00e9es par le grincement ou les sports de contact. Pour prot\u00e9ger l&rsquo;\u00e9mail et l&rsquo;int\u00e9grit\u00e9 de vos dents, clinique dentaire LUX propose des protecteurs buccaux sur mesure. Plaques occlusales (protecteurs de nuit) Le grincement des dents pendant la nuit est une habitude nocive et dommageable qui peut rarement \u00eatre contr\u00f4l\u00e9e [&hellip;]<\/p>\n","protected":false},"author":1,"featured_media":1582,"parent":1462,"menu_order":0,"comment_status":"closed","ping_status":"closed","template":"","meta":{"_seopress_robots_primary_cat":"","footnotes":""},"class_list":["post-1394","page","type-page","status-publish","has-post-thumbnail","hentry"],"_links":{"self":[{"href":"https:\/\/cliniquedentairelux.ca\/fr\/wp-json\/wp\/v2\/pages\/1394","targetHints":{"allow":["GET"]}}],"collection":[{"href":"https:\/\/cliniquedentairelux.ca\/fr\/wp-json\/wp\/v2\/pages"}],"about":[{"href":"https:\/\/cliniquedentairelux.ca\/fr\/wp-json\/wp\/v2\/types\/page"}],"author":[{"embeddable":true,"href":"https:\/\/cliniquedentairelux.ca\/fr\/wp-json\/wp\/v2\/users\/1"}],"replies":[{"embeddable":true,"href":"https:\/\/cliniquedentairelux.ca\/fr\/wp-json\/wp\/v2\/comments?post=1394"}],"version-history":[{"count":9,"href":"https:\/\/cliniquedentairelux.ca\/fr\/wp-json\/wp\/v2\/pages\/1394\/revisions"}],"predecessor-version":[{"id":3095,"href":"https:\/\/cliniquedentairelux.ca\/fr\/wp-json\/wp\/v2\/pages\/1394\/revisions\/3095"}],"up":[{"embeddable":true,"href":"https:\/\/cliniquedentairelux.ca\/fr\/wp-json\/wp\/v2\/pages\/1462"}],"wp:featuredmedia":[{"embeddable":true,"href":"https:\/\/cliniquedentairelux.ca\/fr\/wp-json\/wp\/v2\/media\/1582"}],"wp:attachment":[{"href":"https:\/\/cliniquedentairelux.ca\/fr\/wp-json\/wp\/v2\/media?parent=1394"}],"curies":[{"name":"wp","href":"https:\/\/api.w.org\/{rel}","templated":true}]}}