{"id":1462,"date":"2022-08-03T07:18:02","date_gmt":"2022-08-03T11:18:02","guid":{"rendered":"https:\/\/cliniquedentairelux.ca\/services\/"},"modified":"2022-08-23T14:18:47","modified_gmt":"2022-08-23T18:18:47","slug":"services","status":"publish","type":"page","link":"https:\/\/cliniquedentairelux.ca\/fr\/services\/","title":{"rendered":"Services"},"content":{"rendered":"\t\t<div data-elementor-type=\"wp-page\" data-elementor-id=\"1462\" class=\"elementor elementor-1462 elementor-699\">\n\t\t\t\t\t\t\t\t\t<section class=\"elementor-section elementor-top-section elementor-element elementor-element-c89e545 elementor-section-boxed elementor-section-height-default elementor-section-height-default\" data-id=\"c89e545\" data-element_type=\"section\" data-settings=\"{&quot;background_background&quot;:&quot;classic&quot;,&quot;shape_divider_bottom&quot;:&quot;waves&quot;,&quot;shape_divider_bottom_negative&quot;:&quot;yes&quot;}\">\n\t\t\t\t\t\t\t<div class=\"elementor-background-overlay\"><\/div>\n\t\t\t\t\t\t<div class=\"elementor-shape elementor-shape-bottom\" data-negative=\"true\">\n\t\t\t<svg xmlns=\"http:\/\/www.w3.org\/2000\/svg\" viewBox=\"0 0 1000 100\" preserveAspectRatio=\"none\">\n\t<path class=\"elementor-shape-fill\" d=\"M790.5,93.1c-59.3-5.3-116.8-18-192.6-50c-29.6-12.7-76.9-31-100.5-35.9c-23.6-4.9-52.6-7.8-75.5-5.3\n\tc-10.2,1.1-22.6,1.4-50.1,7.4c-27.2,6.3-58.2,16.6-79.4,24.7c-41.3,15.9-94.9,21.9-134,22.6C72,58.2,0,25.8,0,25.8V100h1000V65.3\n\tc0,0-51.5,19.4-106.2,25.7C839.5,97,814.1,95.2,790.5,93.1z\"\/>\n<\/svg>\t\t<\/div>\n\t\t\t\t\t<div class=\"elementor-container elementor-column-gap-default\">\n\t\t\t\t\t<div class=\"elementor-column elementor-col-100 elementor-top-column elementor-element elementor-element-f6b3681\" data-id=\"f6b3681\" data-element_type=\"column\">\n\t\t\t<div class=\"elementor-widget-wrap elementor-element-populated\">\n\t\t\t\t\t\t\t\t<div class=\"elementor-element elementor-element-4d01497 elementor-widget elementor-widget-text-editor\" data-id=\"4d01497\" data-element_type=\"widget\" data-widget_type=\"text-editor.default\">\n\t\t\t\t<div class=\"elementor-widget-container\">\n\t\t\t<style>\/*! elementor - v3.7.3 - 29-08-2022 *\/\n.elementor-widget-text-editor.elementor-drop-cap-view-stacked .elementor-drop-cap{background-color:#818a91;color:#fff}.elementor-widget-text-editor.elementor-drop-cap-view-framed .elementor-drop-cap{color:#818a91;border:3px solid;background-color:transparent}.elementor-widget-text-editor:not(.elementor-drop-cap-view-default) .elementor-drop-cap{margin-top:8px}.elementor-widget-text-editor:not(.elementor-drop-cap-view-default) .elementor-drop-cap-letter{width:1em;height:1em}.elementor-widget-text-editor .elementor-drop-cap{float:left;text-align:center;line-height:1;font-size:50px}.elementor-widget-text-editor .elementor-drop-cap-letter{display:inline-block}<\/style>\t\t\t\t<p>Prendre la meilleure d\u00e9cision pour votre sant\u00e9 buccale n&rsquo;aura jamais \u00e9t\u00e9 aussi facile. Nous offrons une vari\u00e9t\u00e9 d&rsquo;options de traitement pour nous assurer que vous \u00eates toujours satisfaits en ce qui concerne votre sourire. De l&rsquo;entretien pr\u00e9ventif aux transformations esth\u00e9tiques, Clinique Dentaire LUX poss\u00e8de les atouts et l&rsquo;expertise pour vous assister.<\/p>\t\t\t\t\t\t<\/div>\n\t\t\t\t<\/div>\n\t\t\t\t\t<\/div>\n\t\t<\/div>\n\t\t\t\t\t\t\t<\/div>\n\t\t<\/section>\n\t\t\t\t<section class=\"elementor-section elementor-top-section elementor-element elementor-element-adb58dd elementor-section-boxed elementor-section-height-default elementor-section-height-default\" data-id=\"adb58dd\" data-element_type=\"section\">\n\t\t\t\t\t\t<div class=\"elementor-container elementor-column-gap-default\">\n\t\t\t\t\t<div class=\"elementor-column elementor-col-100 elementor-top-column elementor-element elementor-element-3c840e6\" data-id=\"3c840e6\" data-element_type=\"column\">\n\t\t\t<div class=\"elementor-widget-wrap elementor-element-populated\">\n\t\t\t\t\t\t\t\t<div class=\"elementor-element elementor-element-a5f8630 elementor-posts__hover-none elementor-grid-3 elementor-grid-tablet-2 elementor-grid-mobile-1 elementor-posts--thumbnail-top elementor-widget elementor-widget-posts\" data-id=\"a5f8630\" data-element_type=\"widget\" data-settings=\"{&quot;cards_columns&quot;:&quot;3&quot;,&quot;cards_columns_tablet&quot;:&quot;2&quot;,&quot;cards_columns_mobile&quot;:&quot;1&quot;,&quot;cards_row_gap&quot;:{&quot;unit&quot;:&quot;px&quot;,&quot;size&quot;:35,&quot;sizes&quot;:[]},&quot;cards_row_gap_tablet&quot;:{&quot;unit&quot;:&quot;px&quot;,&quot;size&quot;:&quot;&quot;,&quot;sizes&quot;:[]},&quot;cards_row_gap_mobile&quot;:{&quot;unit&quot;:&quot;px&quot;,&quot;size&quot;:&quot;&quot;,&quot;sizes&quot;:[]}}\" data-widget_type=\"posts.cards\">\n\t\t\t\t<div class=\"elementor-widget-container\">\n\t\t\t<link rel=\"stylesheet\" href=\"https:\/\/cliniquedentairelux.ca\/wp-content\/plugins\/elementor-pro\/assets\/css\/widget-posts.min.css\">\t\t<div class=\"elementor-posts-container elementor-posts elementor-posts--skin-cards elementor-grid\">\n\t\t\t\t<article class=\"elementor-post elementor-grid-item post-3373 page type-page status-publish hentry\">\n\t\t\t<div class=\"elementor-post__card\">\n\t\t\t\t<div class=\"elementor-post__text\">\n\t\t\t\t<h3 class=\"elementor-post__title\">\n\t\t\t<a href=\"https:\/\/cliniquedentairelux.ca\/fr\/services\/prix-invisalign-montreal\/\" >\n\t\t\t\tPrix Goutti\u00e8re dentaire \u00e0 Montr\u00e9al &#8211; Invisalign\t\t\t<\/a>\n\t\t<\/h3>\n\t\t\t\t<\/div>\n\t\t\t\t\t<\/div>\n\t\t<\/article>\n\t\t\t\t<article class=\"elementor-post elementor-grid-item post-1462 page type-page status-publish hentry\">\n\t\t\t<div class=\"elementor-post__card\">\n\t\t\t\t<div class=\"elementor-post__text\">\n\t\t\t\t<h3 class=\"elementor-post__title\">\n\t\t\t<a href=\"https:\/\/cliniquedentairelux.ca\/fr\/services\/\" >\n\t\t\t\tServices\t\t\t<\/a>\n\t\t<\/h3>\n\t\t\t\t<\/div>\n\t\t\t\t\t<\/div>\n\t\t<\/article>\n\t\t\t\t<article class=\"elementor-post elementor-grid-item post-1414 page type-page status-publish has-post-thumbnail hentry\">\n\t\t\t<div class=\"elementor-post__card\">\n\t\t\t\t<a class=\"elementor-post__thumbnail__link\" href=\"https:\/\/cliniquedentairelux.ca\/fr\/services\/extraction-des-dents-de-sagesse\/\" ><div class=\"elementor-post__thumbnail\"><img loading=\"lazy\" decoding=\"async\" width=\"768\" height=\"608\" src=\"https:\/\/cliniquedentairelux.ca\/wp-content\/uploads\/2022\/08\/wisdom-teeth-removal-768x608.jpeg\" class=\"attachment-medium_large size-medium_large\" alt=\"\" srcset=\"https:\/\/cliniquedentairelux.ca\/wp-content\/uploads\/2022\/08\/wisdom-teeth-removal-768x608.jpeg 768w, https:\/\/cliniquedentairelux.ca\/wp-content\/uploads\/2022\/08\/wisdom-teeth-removal-300x238.jpeg 300w, https:\/\/cliniquedentairelux.ca\/wp-content\/uploads\/2022\/08\/wisdom-teeth-removal.jpeg 970w\" sizes=\"auto, (max-width: 768px) 100vw, 768px\" \/><\/div><\/a>\n\t\t\t\t<div class=\"elementor-post__text\">\n\t\t\t\t<h3 class=\"elementor-post__title\">\n\t\t\t<a href=\"https:\/\/cliniquedentairelux.ca\/fr\/services\/extraction-des-dents-de-sagesse\/\" >\n\t\t\t\tExtraction des dents de sagesse\t\t\t<\/a>\n\t\t<\/h3>\n\t\t\t\t<\/div>\n\t\t\t\t\t<\/div>\n\t\t<\/article>\n\t\t\t\t<article class=\"elementor-post elementor-grid-item post-1400 page type-page status-publish has-post-thumbnail hentry\">\n\t\t\t<div class=\"elementor-post__card\">\n\t\t\t\t<a class=\"elementor-post__thumbnail__link\" href=\"https:\/\/cliniquedentairelux.ca\/fr\/services\/parodontie\/\" ><div class=\"elementor-post__thumbnail\"><img loading=\"lazy\" decoding=\"async\" width=\"768\" height=\"512\" src=\"https:\/\/cliniquedentairelux.ca\/wp-content\/uploads\/2022\/08\/dentist-x-ray-768x512.jpeg\" class=\"attachment-medium_large size-medium_large\" alt=\"\" srcset=\"https:\/\/cliniquedentairelux.ca\/wp-content\/uploads\/2022\/08\/dentist-x-ray-768x512.jpeg 768w, https:\/\/cliniquedentairelux.ca\/wp-content\/uploads\/2022\/08\/dentist-x-ray-300x200.jpeg 300w, https:\/\/cliniquedentairelux.ca\/wp-content\/uploads\/2022\/08\/dentist-x-ray-1024x683.jpeg 1024w, https:\/\/cliniquedentairelux.ca\/wp-content\/uploads\/2022\/08\/dentist-x-ray.jpeg 1152w\" sizes=\"auto, (max-width: 768px) 100vw, 768px\" \/><\/div><\/a>\n\t\t\t\t<div class=\"elementor-post__text\">\n\t\t\t\t<h3 class=\"elementor-post__title\">\n\t\t\t<a href=\"https:\/\/cliniquedentairelux.ca\/fr\/services\/parodontie\/\" >\n\t\t\t\tGingivite (Parodontie)\t\t\t<\/a>\n\t\t<\/h3>\n\t\t\t\t<\/div>\n\t\t\t\t\t<\/div>\n\t\t<\/article>\n\t\t\t\t<article class=\"elementor-post elementor-grid-item post-1394 page type-page status-publish has-post-thumbnail hentry\">\n\t\t\t<div class=\"elementor-post__card\">\n\t\t\t\t<a class=\"elementor-post__thumbnail__link\" href=\"https:\/\/cliniquedentairelux.ca\/fr\/services\/plaques-occlusale-et-protecteurs-buccales-sportifs\/\" ><div class=\"elementor-post__thumbnail\"><img loading=\"lazy\" decoding=\"async\" width=\"768\" height=\"512\" src=\"https:\/\/cliniquedentairelux.ca\/wp-content\/uploads\/2022\/08\/night-guards-768x512.jpeg\" class=\"attachment-medium_large size-medium_large\" alt=\"\" srcset=\"https:\/\/cliniquedentairelux.ca\/wp-content\/uploads\/2022\/08\/night-guards-768x512.jpeg 768w, https:\/\/cliniquedentairelux.ca\/wp-content\/uploads\/2022\/08\/night-guards-300x200.jpeg 300w, https:\/\/cliniquedentairelux.ca\/wp-content\/uploads\/2022\/08\/night-guards-1024x683.jpeg 1024w, https:\/\/cliniquedentairelux.ca\/wp-content\/uploads\/2022\/08\/night-guards.jpeg 1152w\" sizes=\"auto, (max-width: 768px) 100vw, 768px\" \/><\/div><\/a>\n\t\t\t\t<div class=\"elementor-post__text\">\n\t\t\t\t<h3 class=\"elementor-post__title\">\n\t\t\t<a href=\"https:\/\/cliniquedentairelux.ca\/fr\/services\/plaques-occlusale-et-protecteurs-buccales-sportifs\/\" >\n\t\t\t\tPlaques occlusales et protecteurs buccaux sportifs\t\t\t<\/a>\n\t\t<\/h3>\n\t\t\t\t<\/div>\n\t\t\t\t\t<\/div>\n\t\t<\/article>\n\t\t\t\t<article class=\"elementor-post elementor-grid-item post-1390 page type-page status-publish has-post-thumbnail hentry\">\n\t\t\t<div class=\"elementor-post__card\">\n\t\t\t\t<a class=\"elementor-post__thumbnail__link\" href=\"https:\/\/cliniquedentairelux.ca\/fr\/services\/dentisterie-familiale\/\" ><div class=\"elementor-post__thumbnail\"><img loading=\"lazy\" decoding=\"async\" width=\"768\" height=\"512\" src=\"https:\/\/cliniquedentairelux.ca\/wp-content\/uploads\/2022\/08\/dentist-for-families-768x512.jpeg\" class=\"attachment-medium_large size-medium_large\" alt=\"\" srcset=\"https:\/\/cliniquedentairelux.ca\/wp-content\/uploads\/2022\/08\/dentist-for-families-768x512.jpeg 768w, https:\/\/cliniquedentairelux.ca\/wp-content\/uploads\/2022\/08\/dentist-for-families-300x200.jpeg 300w, https:\/\/cliniquedentairelux.ca\/wp-content\/uploads\/2022\/08\/dentist-for-families-1024x683.jpeg 1024w, https:\/\/cliniquedentairelux.ca\/wp-content\/uploads\/2022\/08\/dentist-for-families.jpeg 1152w\" sizes=\"auto, (max-width: 768px) 100vw, 768px\" \/><\/div><\/a>\n\t\t\t\t<div class=\"elementor-post__text\">\n\t\t\t\t<h3 class=\"elementor-post__title\">\n\t\t\t<a href=\"https:\/\/cliniquedentairelux.ca\/fr\/services\/dentisterie-familiale\/\" >\n\t\t\t\tDentisterie Familiale\t\t\t<\/a>\n\t\t<\/h3>\n\t\t\t\t<\/div>\n\t\t\t\t\t<\/div>\n\t\t<\/article>\n\t\t\t\t<article class=\"elementor-post elementor-grid-item post-1384 page type-page status-publish has-post-thumbnail hentry\">\n\t\t\t<div class=\"elementor-post__card\">\n\t\t\t\t<a class=\"elementor-post__thumbnail__link\" href=\"https:\/\/cliniquedentairelux.ca\/fr\/services\/urgences-dentaires\/\" ><div class=\"elementor-post__thumbnail\"><img loading=\"lazy\" decoding=\"async\" width=\"768\" height=\"512\" src=\"https:\/\/cliniquedentairelux.ca\/wp-content\/uploads\/2022\/08\/dental-pain-issues-768x512.jpeg\" class=\"attachment-medium_large size-medium_large\" alt=\"\" srcset=\"https:\/\/cliniquedentairelux.ca\/wp-content\/uploads\/2022\/08\/dental-pain-issues-768x512.jpeg 768w, https:\/\/cliniquedentairelux.ca\/wp-content\/uploads\/2022\/08\/dental-pain-issues-300x200.jpeg 300w, https:\/\/cliniquedentairelux.ca\/wp-content\/uploads\/2022\/08\/dental-pain-issues-1024x683.jpeg 1024w, https:\/\/cliniquedentairelux.ca\/wp-content\/uploads\/2022\/08\/dental-pain-issues.jpeg 1152w\" sizes=\"auto, (max-width: 768px) 100vw, 768px\" \/><\/div><\/a>\n\t\t\t\t<div class=\"elementor-post__text\">\n\t\t\t\t<h3 class=\"elementor-post__title\">\n\t\t\t<a href=\"https:\/\/cliniquedentairelux.ca\/fr\/services\/urgences-dentaires\/\" >\n\t\t\t\tUrgences Dentaires\t\t\t<\/a>\n\t\t<\/h3>\n\t\t\t\t<\/div>\n\t\t\t\t\t<\/div>\n\t\t<\/article>\n\t\t\t\t<article class=\"elementor-post elementor-grid-item post-1366 page type-page status-publish has-post-thumbnail hentry\">\n\t\t\t<div class=\"elementor-post__card\">\n\t\t\t\t<a class=\"elementor-post__thumbnail__link\" href=\"https:\/\/cliniquedentairelux.ca\/fr\/services\/dentiers\/\" ><div class=\"elementor-post__thumbnail\"><img loading=\"lazy\" decoding=\"async\" width=\"768\" height=\"512\" src=\"https:\/\/cliniquedentairelux.ca\/wp-content\/uploads\/2022\/08\/dentures-montreal-768x512.jpeg\" class=\"attachment-medium_large size-medium_large\" alt=\"\" srcset=\"https:\/\/cliniquedentairelux.ca\/wp-content\/uploads\/2022\/08\/dentures-montreal-768x512.jpeg 768w, https:\/\/cliniquedentairelux.ca\/wp-content\/uploads\/2022\/08\/dentures-montreal-300x200.jpeg 300w, https:\/\/cliniquedentairelux.ca\/wp-content\/uploads\/2022\/08\/dentures-montreal-1024x683.jpeg 1024w, https:\/\/cliniquedentairelux.ca\/wp-content\/uploads\/2022\/08\/dentures-montreal.jpeg 1152w\" sizes=\"auto, (max-width: 768px) 100vw, 768px\" \/><\/div><\/a>\n\t\t\t\t<div class=\"elementor-post__text\">\n\t\t\t\t<h3 class=\"elementor-post__title\">\n\t\t\t<a href=\"https:\/\/cliniquedentairelux.ca\/fr\/services\/dentiers\/\" >\n\t\t\t\tDentiers\t\t\t<\/a>\n\t\t<\/h3>\n\t\t\t\t<\/div>\n\t\t\t\t\t<\/div>\n\t\t<\/article>\n\t\t\t\t<article class=\"elementor-post elementor-grid-item post-1356 page type-page status-publish has-post-thumbnail hentry\">\n\t\t\t<div class=\"elementor-post__card\">\n\t\t\t\t<a class=\"elementor-post__thumbnail__link\" href=\"https:\/\/cliniquedentairelux.ca\/fr\/services\/implants-dentaires\/\" ><div class=\"elementor-post__thumbnail\"><img loading=\"lazy\" decoding=\"async\" width=\"768\" height=\"432\" src=\"https:\/\/cliniquedentairelux.ca\/wp-content\/uploads\/2022\/08\/implant-768x432.jpeg\" class=\"attachment-medium_large size-medium_large\" alt=\"\" srcset=\"https:\/\/cliniquedentairelux.ca\/wp-content\/uploads\/2022\/08\/implant-768x432.jpeg 768w, https:\/\/cliniquedentairelux.ca\/wp-content\/uploads\/2022\/08\/implant-300x169.jpeg 300w, https:\/\/cliniquedentairelux.ca\/wp-content\/uploads\/2022\/08\/implant-1024x576.jpeg 1024w, https:\/\/cliniquedentairelux.ca\/wp-content\/uploads\/2022\/08\/implant.jpeg 1365w\" sizes=\"auto, (max-width: 768px) 100vw, 768px\" \/><\/div><\/a>\n\t\t\t\t<div class=\"elementor-post__text\">\n\t\t\t\t<h3 class=\"elementor-post__title\">\n\t\t\t<a href=\"https:\/\/cliniquedentairelux.ca\/fr\/services\/implants-dentaires\/\" >\n\t\t\t\tImplants dentaires\t\t\t<\/a>\n\t\t<\/h3>\n\t\t\t\t<\/div>\n\t\t\t\t\t<\/div>\n\t\t<\/article>\n\t\t\t\t<article class=\"elementor-post elementor-grid-item post-1344 page type-page status-publish has-post-thumbnail hentry\">\n\t\t\t<div class=\"elementor-post__card\">\n\t\t\t\t<a class=\"elementor-post__thumbnail__link\" href=\"https:\/\/cliniquedentairelux.ca\/fr\/services\/obturations-couronnes-et-ponts\/\" ><div class=\"elementor-post__thumbnail\"><img loading=\"lazy\" decoding=\"async\" width=\"768\" height=\"512\" src=\"https:\/\/cliniquedentairelux.ca\/wp-content\/uploads\/2022\/08\/dental-pain-solutions-768x512.jpeg\" class=\"attachment-medium_large size-medium_large\" alt=\"\" srcset=\"https:\/\/cliniquedentairelux.ca\/wp-content\/uploads\/2022\/08\/dental-pain-solutions-768x512.jpeg 768w, https:\/\/cliniquedentairelux.ca\/wp-content\/uploads\/2022\/08\/dental-pain-solutions-300x200.jpeg 300w, https:\/\/cliniquedentairelux.ca\/wp-content\/uploads\/2022\/08\/dental-pain-solutions-1024x683.jpeg 1024w, https:\/\/cliniquedentairelux.ca\/wp-content\/uploads\/2022\/08\/dental-pain-solutions.jpeg 1152w\" sizes=\"auto, (max-width: 768px) 100vw, 768px\" \/><\/div><\/a>\n\t\t\t\t<div class=\"elementor-post__text\">\n\t\t\t\t<h3 class=\"elementor-post__title\">\n\t\t\t<a href=\"https:\/\/cliniquedentairelux.ca\/fr\/services\/obturations-couronnes-et-ponts\/\" >\n\t\t\t\tPlombages, couronnes et ponts\t\t\t<\/a>\n\t\t<\/h3>\n\t\t\t\t<\/div>\n\t\t\t\t\t<\/div>\n\t\t<\/article>\n\t\t\t\t<article class=\"elementor-post elementor-grid-item post-1338 page type-page status-publish has-post-thumbnail hentry\">\n\t\t\t<div class=\"elementor-post__card\">\n\t\t\t\t<a class=\"elementor-post__thumbnail__link\" href=\"https:\/\/cliniquedentairelux.ca\/fr\/services\/blanchissement-dentaire\/\" ><div class=\"elementor-post__thumbnail\"><img loading=\"lazy\" decoding=\"async\" width=\"768\" height=\"512\" src=\"https:\/\/cliniquedentairelux.ca\/wp-content\/uploads\/2022\/08\/smiling-woman-768x512.jpeg\" class=\"attachment-medium_large size-medium_large\" alt=\"\" srcset=\"https:\/\/cliniquedentairelux.ca\/wp-content\/uploads\/2022\/08\/smiling-woman-768x512.jpeg 768w, https:\/\/cliniquedentairelux.ca\/wp-content\/uploads\/2022\/08\/smiling-woman-300x200.jpeg 300w, https:\/\/cliniquedentairelux.ca\/wp-content\/uploads\/2022\/08\/smiling-woman-1024x683.jpeg 1024w, https:\/\/cliniquedentairelux.ca\/wp-content\/uploads\/2022\/08\/smiling-woman-1536x1024.jpeg 1536w, https:\/\/cliniquedentairelux.ca\/wp-content\/uploads\/2022\/08\/smiling-woman.jpeg 1620w\" sizes=\"auto, (max-width: 768px) 100vw, 768px\" \/><\/div><\/a>\n\t\t\t\t<div class=\"elementor-post__text\">\n\t\t\t\t<h3 class=\"elementor-post__title\">\n\t\t\t<a href=\"https:\/\/cliniquedentairelux.ca\/fr\/services\/blanchissement-dentaire\/\" >\n\t\t\t\tBlanchissement dentaire\t\t\t<\/a>\n\t\t<\/h3>\n\t\t\t\t<\/div>\n\t\t\t\t\t<\/div>\n\t\t<\/article>\n\t\t\t\t<article class=\"elementor-post elementor-grid-item post-1316 page type-page status-publish has-post-thumbnail hentry\">\n\t\t\t<div class=\"elementor-post__card\">\n\t\t\t\t<a class=\"elementor-post__thumbnail__link\" href=\"https:\/\/cliniquedentairelux.ca\/fr\/services\/dentisterie-cosmetique\/\" ><div class=\"elementor-post__thumbnail\"><img loading=\"lazy\" decoding=\"async\" width=\"768\" height=\"512\" src=\"https:\/\/cliniquedentairelux.ca\/wp-content\/uploads\/2022\/07\/AdobeStock_245603787_Preview-768x512.jpeg\" class=\"attachment-medium_large size-medium_large\" alt=\"\" srcset=\"https:\/\/cliniquedentairelux.ca\/wp-content\/uploads\/2022\/07\/AdobeStock_245603787_Preview-768x512.jpeg 768w, https:\/\/cliniquedentairelux.ca\/wp-content\/uploads\/2022\/07\/AdobeStock_245603787_Preview-300x200.jpeg 300w, https:\/\/cliniquedentairelux.ca\/wp-content\/uploads\/2022\/07\/AdobeStock_245603787_Preview.jpeg 1000w\" sizes=\"auto, (max-width: 768px) 100vw, 768px\" \/><\/div><\/a>\n\t\t\t\t<div class=\"elementor-post__text\">\n\t\t\t\t<h3 class=\"elementor-post__title\">\n\t\t\t<a href=\"https:\/\/cliniquedentairelux.ca\/fr\/services\/dentisterie-cosmetique\/\" >\n\t\t\t\tDentisterie esth\u00e9tique\t\t\t<\/a>\n\t\t<\/h3>\n\t\t\t\t<\/div>\n\t\t\t\t\t<\/div>\n\t\t<\/article>\n\t\t\t\t<article class=\"elementor-post elementor-grid-item post-1304 page type-page status-publish has-post-thumbnail hentry\">\n\t\t\t<div class=\"elementor-post__card\">\n\t\t\t\t<a class=\"elementor-post__thumbnail__link\" href=\"https:\/\/cliniquedentairelux.ca\/fr\/services\/canaux-radiculaires-endodontie\/\" ><div class=\"elementor-post__thumbnail\"><img loading=\"lazy\" decoding=\"async\" width=\"768\" height=\"512\" src=\"https:\/\/cliniquedentairelux.ca\/wp-content\/uploads\/2022\/08\/root-canals-in-montreal-768x512.jpeg\" class=\"attachment-medium_large size-medium_large\" alt=\"\" srcset=\"https:\/\/cliniquedentairelux.ca\/wp-content\/uploads\/2022\/08\/root-canals-in-montreal-768x512.jpeg 768w, https:\/\/cliniquedentairelux.ca\/wp-content\/uploads\/2022\/08\/root-canals-in-montreal-300x200.jpeg 300w, https:\/\/cliniquedentairelux.ca\/wp-content\/uploads\/2022\/08\/root-canals-in-montreal-1024x683.jpeg 1024w, https:\/\/cliniquedentairelux.ca\/wp-content\/uploads\/2022\/08\/root-canals-in-montreal.jpeg 1152w\" sizes=\"auto, (max-width: 768px) 100vw, 768px\" \/><\/div><\/a>\n\t\t\t\t<div class=\"elementor-post__text\">\n\t\t\t\t<h3 class=\"elementor-post__title\">\n\t\t\t<a href=\"https:\/\/cliniquedentairelux.ca\/fr\/services\/canaux-radiculaires-endodontie\/\" >\n\t\t\t\tTraitement de canal (Endodontie)\t\t\t<\/a>\n\t\t<\/h3>\n\t\t\t\t<\/div>\n\t\t\t\t\t<\/div>\n\t\t<\/article>\n\t\t\t\t<article class=\"elementor-post elementor-grid-item post-1292 page type-page status-publish has-post-thumbnail hentry\">\n\t\t\t<div class=\"elementor-post__card\">\n\t\t\t\t<a class=\"elementor-post__thumbnail__link\" href=\"https:\/\/cliniquedentairelux.ca\/fr\/services\/nettoyage-et-prevention-dentaires\/\" ><div class=\"elementor-post__thumbnail\"><img loading=\"lazy\" decoding=\"async\" width=\"768\" height=\"512\" src=\"https:\/\/cliniquedentairelux.ca\/wp-content\/uploads\/2022\/08\/smiling-woman-at-the-dentist-768x512.jpeg\" class=\"attachment-medium_large size-medium_large\" alt=\"\" srcset=\"https:\/\/cliniquedentairelux.ca\/wp-content\/uploads\/2022\/08\/smiling-woman-at-the-dentist-768x512.jpeg 768w, https:\/\/cliniquedentairelux.ca\/wp-content\/uploads\/2022\/08\/smiling-woman-at-the-dentist-300x200.jpeg 300w, https:\/\/cliniquedentairelux.ca\/wp-content\/uploads\/2022\/08\/smiling-woman-at-the-dentist-1024x683.jpeg 1024w, https:\/\/cliniquedentairelux.ca\/wp-content\/uploads\/2022\/08\/smiling-woman-at-the-dentist.jpeg 1152w\" sizes=\"auto, (max-width: 768px) 100vw, 768px\" \/><\/div><\/a>\n\t\t\t\t<div class=\"elementor-post__text\">\n\t\t\t\t<h3 class=\"elementor-post__title\">\n\t\t\t<a href=\"https:\/\/cliniquedentairelux.ca\/fr\/services\/nettoyage-et-prevention-dentaires\/\" >\n\t\t\t\tNettoyage dentaire et pr\u00e9vention\t\t\t<\/a>\n\t\t<\/h3>\n\t\t\t\t<\/div>\n\t\t\t\t\t<\/div>\n\t\t<\/article>\n\t\t\t\t<\/div>\n\n\n\t\t\n\t\t\t\t<\/div>\n\t\t\t\t<\/div>\n\t\t\t\t\t<\/div>\n\t\t<\/div>\n\t\t\t\t\t\t\t<\/div>\n\t\t<\/section>\n\t\t\t\t\t\t\t<\/div>\n\t\t","protected":false},"excerpt":{"rendered":"<p>Prendre la meilleure d\u00e9cision pour votre sant\u00e9 buccale n&rsquo;aura jamais \u00e9t\u00e9 aussi facile. Nous offrons une vari\u00e9t\u00e9 d&rsquo;options de traitement pour nous assurer que vous<\/p>\n","protected":false},"author":1,"featured_media":0,"parent":0,"menu_order":0,"comment_status":"closed","ping_status":"closed","template":"","meta":{"_seopress_robots_primary_cat":"","footnotes":""},"class_list":["post-1462","page","type-page","status-publish","hentry"],"_links":{"self":[{"href":"https:\/\/cliniquedentairelux.ca\/fr\/wp-json\/wp\/v2\/pages\/1462","targetHints":{"allow":["GET"]}}],"collection":[{"href":"https:\/\/cliniquedentairelux.ca\/fr\/wp-json\/wp\/v2\/pages"}],"about":[{"href":"https:\/\/cliniquedentairelux.ca\/fr\/wp-json\/wp\/v2\/types\/page"}],"author":[{"embeddable":true,"href":"https:\/\/cliniquedentairelux.ca\/fr\/wp-json\/wp\/v2\/users\/1"}],"replies":[{"embeddable":true,"href":"https:\/\/cliniquedentairelux.ca\/fr\/wp-json\/wp\/v2\/comments?post=1462"}],"version-history":[{"count":3,"href":"https:\/\/cliniquedentairelux.ca\/fr\/wp-json\/wp\/v2\/pages\/1462\/revisions"}],"predecessor-version":[{"id":2088,"href":"https:\/\/cliniquedentairelux.ca\/fr\/wp-json\/wp\/v2\/pages\/1462\/revisions\/2088"}],"wp:attachment":[{"href":"https:\/\/cliniquedentairelux.ca\/fr\/wp-json\/wp\/v2\/media?parent=1462"}],"curies":[{"name":"wp","href":"https:\/\/api.w.org\/{rel}","templated":true}]}}